{"id":3143,"date":"2020-06-09T18:31:34","date_gmt":"2020-06-09T18:31:34","guid":{"rendered":"https:\/\/magnuminsurance.com\/?page_id=3143"},"modified":"2025-07-24T11:14:05","modified_gmt":"2025-07-24T16:14:05","slug":"gracias-por-su-mensaje","status":"publish","type":"page","link":"https:\/\/customer.magnuminsurance.com\/es\/gracias-por-su-mensaje\/","title":{"rendered":"Gracias por su mensaje"},"content":{"rendered":"\n<h1 class=\"wp-block-heading has-text-align-center\"><strong>Gracias<\/strong><\/h1>\n\n\n\n<hr class=\"wp-block-separator has-alpha-channel-opacity\"\/>\n\n\n\n<p class=\"has-text-align-center\">Gracias por enviar su informaci\u00f3n. Lo contactaremos en breve.<\/p>\n\n\n\n<p class=\"has-text-align-center\">Las coberturas no pueden modificarse ni vincularse por correo electr\u00f3nico, mensajes de texto o mensajes de voz. Para garantizar que se complete la modificaci\u00f3n vinculante de las coberturas, debe comunicarse con un representante en persona.<\/p>\n\n\n\n<p><\/p>\n","protected":false},"excerpt":{"rendered":"<p>Gracias Gracias por enviar su informaci\u00f3n. Lo contactaremos en breve. Las coberturas no pueden modificarse ni vincularse por correo electr\u00f3nico, mensajes de texto o mensajes de voz. Para garantizar que se complete la modificaci\u00f3n vinculante de las coberturas, debe comunicarse con un representante en persona.<\/p>\n","protected":false},"author":5,"featured_media":0,"parent":0,"menu_order":0,"comment_status":"closed","ping_status":"closed","template":"","meta":{"_acf_changed":false,"inline_featured_image":false,"footnotes":""},"class_list":["post-3143","page","type-page","status-publish","hentry"],"acf":[],"yoast_head":"<!-- This site is optimized with the Yoast SEO plugin v26.8 - https:\/\/yoast.com\/product\/yoast-seo-wordpress\/ -->\n<title>Gracias por su mensaje - Magnum Insurance Cabinet<\/title>\n<meta name=\"robots\" content=\"index, follow, max-snippet:-1, max-image-preview:large, max-video-preview:-1\" \/>\n<link rel=\"canonical\" href=\"https:\/\/customer.magnuminsurance.com\/es\/gracias-por-su-mensaje\/\" \/>\n<meta property=\"og:locale\" content=\"es_ES\" \/>\n<meta property=\"og:type\" content=\"article\" \/>\n<meta property=\"og:title\" content=\"Gracias por su mensaje - Magnum Insurance Cabinet\" \/>\n<meta property=\"og:description\" content=\"Gracias Gracias por enviar su informaci\u00f3n. Lo contactaremos en breve. Las coberturas no pueden modificarse ni vincularse por correo electr\u00f3nico, mensajes de texto o mensajes de voz. Para garantizar que se complete la modificaci\u00f3n vinculante de las coberturas, debe comunicarse con un representante en persona.\" \/>\n<meta property=\"og:url\" content=\"https:\/\/customer.magnuminsurance.com\/es\/gracias-por-su-mensaje\/\" \/>\n<meta property=\"og:site_name\" content=\"Magnum Insurance Cabinet\" \/>\n<meta property=\"article:publisher\" content=\"https:\/\/www.facebook.com\/MagnumInsuranceAgency\/\" \/>\n<meta property=\"article:modified_time\" content=\"2025-07-24T16:14:05+00:00\" \/>\n<meta name=\"twitter:card\" content=\"summary_large_image\" \/>\n<meta name=\"twitter:site\" content=\"@magnumins\" \/>\n<script type=\"application\/ld+json\" class=\"yoast-schema-graph\">{\"@context\":\"https:\/\/schema.org\",\"@graph\":[{\"@type\":\"WebPage\",\"@id\":\"https:\/\/customer.magnuminsurance.com\/es\/gracias-por-su-mensaje\/\",\"url\":\"https:\/\/customer.magnuminsurance.com\/es\/gracias-por-su-mensaje\/\",\"name\":\"Gracias por su mensaje - Magnum Insurance Cabinet\",\"isPartOf\":{\"@id\":\"https:\/\/customer.magnuminsurance.com\/#website\"},\"datePublished\":\"2020-06-09T18:31:34+00:00\",\"dateModified\":\"2025-07-24T16:14:05+00:00\",\"breadcrumb\":{\"@id\":\"https:\/\/customer.magnuminsurance.com\/es\/gracias-por-su-mensaje\/#breadcrumb\"},\"inLanguage\":\"es\",\"potentialAction\":[{\"@type\":\"ReadAction\",\"target\":[\"https:\/\/customer.magnuminsurance.com\/es\/gracias-por-su-mensaje\/\"]}]},{\"@type\":\"BreadcrumbList\",\"@id\":\"https:\/\/customer.magnuminsurance.com\/es\/gracias-por-su-mensaje\/#breadcrumb\",\"itemListElement\":[{\"@type\":\"ListItem\",\"position\":1,\"name\":\"Portada\",\"item\":\"https:\/\/customer.magnuminsurance.com\/es\/iniciar-sesion\/\"},{\"@type\":\"ListItem\",\"position\":2,\"name\":\"Gracias por su mensaje\"}]},{\"@type\":\"WebSite\",\"@id\":\"https:\/\/customer.magnuminsurance.com\/#website\",\"url\":\"https:\/\/customer.magnuminsurance.com\/\",\"name\":\"Magnum Insurance Cabinet\",\"description\":\"Affordable Car Insurance Chicago Illinois\",\"publisher\":{\"@id\":\"https:\/\/customer.magnuminsurance.com\/#organization\"},\"potentialAction\":[{\"@type\":\"SearchAction\",\"target\":{\"@type\":\"EntryPoint\",\"urlTemplate\":\"https:\/\/customer.magnuminsurance.com\/?s={search_term_string}\"},\"query-input\":{\"@type\":\"PropertyValueSpecification\",\"valueRequired\":true,\"valueName\":\"search_term_string\"}}],\"inLanguage\":\"es\"},{\"@type\":\"Organization\",\"@id\":\"https:\/\/customer.magnuminsurance.com\/#organization\",\"name\":\"Magnum Insurance Agency\",\"url\":\"https:\/\/customer.magnuminsurance.com\/\",\"logo\":{\"@type\":\"ImageObject\",\"inLanguage\":\"es\",\"@id\":\"https:\/\/customer.magnuminsurance.com\/#\/schema\/logo\/image\/\",\"url\":\"https:\/\/magnuminsurance.com\/wp-content\/uploads\/2025\/07\/magnum-logo-eng_268x73.svg\",\"contentUrl\":\"https:\/\/magnuminsurance.com\/wp-content\/uploads\/2025\/07\/magnum-logo-eng_268x73.svg\",\"width\":\"1024\",\"height\":\"1024\",\"caption\":\"Magnum Insurance Agency\"},\"image\":{\"@id\":\"https:\/\/customer.magnuminsurance.com\/#\/schema\/logo\/image\/\"},\"sameAs\":[\"https:\/\/www.facebook.com\/MagnumInsuranceAgency\/\",\"https:\/\/x.com\/magnumins\",\"https:\/\/www.instagram.com\/magnuminsuranceagency\/\",\"https:\/\/www.youtube.com\/user\/SegurosMagnum\"]}]}<\/script>\n<!-- \/ Yoast SEO plugin. -->","yoast_head_json":{"title":"Gracias por su mensaje - Magnum Insurance Cabinet","robots":{"index":"index","follow":"follow","max-snippet":"max-snippet:-1","max-image-preview":"max-image-preview:large","max-video-preview":"max-video-preview:-1"},"canonical":"https:\/\/customer.magnuminsurance.com\/es\/gracias-por-su-mensaje\/","og_locale":"es_ES","og_type":"article","og_title":"Gracias por su mensaje - Magnum Insurance Cabinet","og_description":"Gracias Gracias por enviar su informaci\u00f3n. Lo contactaremos en breve. Las coberturas no pueden modificarse ni vincularse por correo electr\u00f3nico, mensajes de texto o mensajes de voz. Para garantizar que se complete la modificaci\u00f3n vinculante de las coberturas, debe comunicarse con un representante en persona.","og_url":"https:\/\/customer.magnuminsurance.com\/es\/gracias-por-su-mensaje\/","og_site_name":"Magnum Insurance Cabinet","article_publisher":"https:\/\/www.facebook.com\/MagnumInsuranceAgency\/","article_modified_time":"2025-07-24T16:14:05+00:00","twitter_card":"summary_large_image","twitter_site":"@magnumins","schema":{"@context":"https:\/\/schema.org","@graph":[{"@type":"WebPage","@id":"https:\/\/customer.magnuminsurance.com\/es\/gracias-por-su-mensaje\/","url":"https:\/\/customer.magnuminsurance.com\/es\/gracias-por-su-mensaje\/","name":"Gracias por su mensaje - Magnum Insurance Cabinet","isPartOf":{"@id":"https:\/\/customer.magnuminsurance.com\/#website"},"datePublished":"2020-06-09T18:31:34+00:00","dateModified":"2025-07-24T16:14:05+00:00","breadcrumb":{"@id":"https:\/\/customer.magnuminsurance.com\/es\/gracias-por-su-mensaje\/#breadcrumb"},"inLanguage":"es","potentialAction":[{"@type":"ReadAction","target":["https:\/\/customer.magnuminsurance.com\/es\/gracias-por-su-mensaje\/"]}]},{"@type":"BreadcrumbList","@id":"https:\/\/customer.magnuminsurance.com\/es\/gracias-por-su-mensaje\/#breadcrumb","itemListElement":[{"@type":"ListItem","position":1,"name":"Portada","item":"https:\/\/customer.magnuminsurance.com\/es\/iniciar-sesion\/"},{"@type":"ListItem","position":2,"name":"Gracias por su mensaje"}]},{"@type":"WebSite","@id":"https:\/\/customer.magnuminsurance.com\/#website","url":"https:\/\/customer.magnuminsurance.com\/","name":"Magnum Insurance Cabinet","description":"Affordable Car Insurance Chicago Illinois","publisher":{"@id":"https:\/\/customer.magnuminsurance.com\/#organization"},"potentialAction":[{"@type":"SearchAction","target":{"@type":"EntryPoint","urlTemplate":"https:\/\/customer.magnuminsurance.com\/?s={search_term_string}"},"query-input":{"@type":"PropertyValueSpecification","valueRequired":true,"valueName":"search_term_string"}}],"inLanguage":"es"},{"@type":"Organization","@id":"https:\/\/customer.magnuminsurance.com\/#organization","name":"Magnum Insurance Agency","url":"https:\/\/customer.magnuminsurance.com\/","logo":{"@type":"ImageObject","inLanguage":"es","@id":"https:\/\/customer.magnuminsurance.com\/#\/schema\/logo\/image\/","url":"https:\/\/magnuminsurance.com\/wp-content\/uploads\/2025\/07\/magnum-logo-eng_268x73.svg","contentUrl":"https:\/\/magnuminsurance.com\/wp-content\/uploads\/2025\/07\/magnum-logo-eng_268x73.svg","width":"1024","height":"1024","caption":"Magnum Insurance Agency"},"image":{"@id":"https:\/\/customer.magnuminsurance.com\/#\/schema\/logo\/image\/"},"sameAs":["https:\/\/www.facebook.com\/MagnumInsuranceAgency\/","https:\/\/x.com\/magnumins","https:\/\/www.instagram.com\/magnuminsuranceagency\/","https:\/\/www.youtube.com\/user\/SegurosMagnum"]}]}},"_links":{"self":[{"href":"https:\/\/customer.magnuminsurance.com\/es\/wp-json\/wp\/v2\/pages\/3143","targetHints":{"allow":["GET"]}}],"collection":[{"href":"https:\/\/customer.magnuminsurance.com\/es\/wp-json\/wp\/v2\/pages"}],"about":[{"href":"https:\/\/customer.magnuminsurance.com\/es\/wp-json\/wp\/v2\/types\/page"}],"author":[{"embeddable":true,"href":"https:\/\/customer.magnuminsurance.com\/es\/wp-json\/wp\/v2\/users\/5"}],"replies":[{"embeddable":true,"href":"https:\/\/customer.magnuminsurance.com\/es\/wp-json\/wp\/v2\/comments?post=3143"}],"version-history":[{"count":1,"href":"https:\/\/customer.magnuminsurance.com\/es\/wp-json\/wp\/v2\/pages\/3143\/revisions"}],"predecessor-version":[{"id":23924,"href":"https:\/\/customer.magnuminsurance.com\/es\/wp-json\/wp\/v2\/pages\/3143\/revisions\/23924"}],"wp:attachment":[{"href":"https:\/\/customer.magnuminsurance.com\/es\/wp-json\/wp\/v2\/media?parent=3143"}],"curies":[{"name":"wp","href":"https:\/\/api.w.org\/{rel}","templated":true}]}}