{"id":2759,"date":"2020-04-07T23:01:55","date_gmt":"2020-04-08T04:01:55","guid":{"rendered":"https:\/\/magnuminsurance.com\/?page_id=2759"},"modified":"2025-08-14T06:57:09","modified_gmt":"2025-08-14T11:57:09","slug":"pagos","status":"publish","type":"page","link":"https:\/\/customer.magnuminsurance.com\/es\/pagos\/","title":{"rendered":"Pagos"},"content":{"rendered":"\n<div\n\tid=\"wide-section-block_e7410edf171714f0acd99ffd13273a8c\"\n\tclass=\"wide-section  alignfull\"\n\tstyle=\"background-color: #eceffa\">\n\t<div class=\"wide-section__content\">\n\n\t\t\n\t\t<h1 class=\"wp-block-heading has-text-align-center\" style=\"text-align: center;\">Pagos<\/h1>\n<p class=\"has-text-align-center\" style=\"text-align: center;\">Magnum Insurance ofrece una variedad de planes de pago convenientes y flexibles para satisfacer tus necesidades, incluidos pagos en efectivo en nuestras tiendas locales, as\u00ed como tarjetas de cr\u00e9dito y d\u00e9bito.<\/p>\n<p class=\"has-text-align-center\" style=\"text-align: center;\">Si desea pagar su factura mensual en l\u00ednea, debe iniciar sesi\u00f3n en su cuenta en nuestro sitio web o nuestra aplicaci\u00f3n m\u00f3vil. Si no ha registrado una cuenta en l\u00ednea, deber\u00e1 hacerlo primero para obtener acceso a los pagos. Visite\u00a0<a href=\"https:\/\/magnuminsurance.com\/es\/administrar-poliza\/\">administrar-poliza<\/a>\u00a0para crear una cuenta.<\/p>\n<p class=\"has-text-align-center\" style=\"text-align: center;\">Si tiene alg\u00fan problema, comun\u00edquese con el Servicio de atenci\u00f3n al cliente para verificar la informaci\u00f3n de su cuenta.<\/p>\n\t<\/div>\n<\/div>\n\n\n\n<div\n\tid=\"pick-the-options-block_11e623244b6d044c5f2eb9b5f9c67c56\"\n\tclass=\"pick-the-options  alignfull\">\n\t<div class=\"pick-the-options__title\">\n\t\tElige la opci\u00f3n m\u00e1s conveniente:\t<\/div>\n\n\t<div class=\"pick-the-options__options\">\n\t\t<div class=\"pick-the-options__item\">\n\t\t\t<a href=\"\" class=\"pick-the-options__block magnum-payment-link\">\n\t\t\t\t<div class=\"pick-the-options__block-title\">Paga en l\u00ednea<\/div>\n\t\t\t\t<div class=\"pick-the-options__block-text\">Al iniciar sesi\u00f3n en tu cuenta<\/div>\n\t\t\t<\/a>\n\t\t<\/div>\n\t\t<div class=\"pick-the-options__item\">\n\t\t\t<a href=\"tel:tel: 888-539-2102\" class=\"pick-the-options__block\">\n\t\t\t\t<div class=\"pick-the-options__block-title\">Paga por tel\u00e9fono<\/div>\n\t\t\t\t<div class=\"pick-the-options__block-text\">S\u00f3lo ll\u00e1manos 888-539-2102<\/div>\n\t\t\t<\/a>\n\t\t<\/div>\n\t\t<div class=\"pick-the-options__item\">\n\t\t\t<a href=\"https:\/\/magnuminsurance.com\/es\/ubicaciones\/\" class=\"pick-the-options__block\">\n\t\t\t\t<div class=\"pick-the-options__block-title\">Paga en tu tienda local<\/div>\n\t\t\t\t<div class=\"pick-the-options__block-text\">Encuentra la ubicaci\u00f3n m\u00e1s cercana<\/div>\n\t\t\t<\/a>\n\t\t<\/div>\n\t<\/div>\n<\/div>\n\n\n\n<h3 class=\"wp-block-heading has-text-align-center has-text-color has-link-color wp-elements-e0910a3316d6d8e2d5362dc0eb529a37\" style=\"color:#ed7233\">Horario de atenci\u00f3n al cliente:<\/h3>\n\n\n\n<p class=\"has-text-align-center\">Lun-Vie 9:00am-7:00pm<br>Sab 9:00am-6:00pm<br>Dom 10:00am-4:00pm<\/p>\n","protected":false},"excerpt":{"rendered":"<p>Horario de atenci\u00f3n al cliente: Lun-Vie 9:00am-7:00pmSab 9:00am-6:00pmDom 10:00am-4:00pm<\/p>\n","protected":false},"author":2,"featured_media":23993,"parent":0,"menu_order":0,"comment_status":"closed","ping_status":"closed","template":"page-header-image.php","meta":{"_acf_changed":false,"inline_featured_image":false,"footnotes":""},"class_list":["post-2759","page","type-page","status-publish","has-post-thumbnail","hentry"],"acf":[],"yoast_head":"<!-- This site is optimized with the Yoast SEO plugin v26.8 - https:\/\/yoast.com\/product\/yoast-seo-wordpress\/ -->\n<title>Pagos - Magnum Insurance Cabinet<\/title>\n<meta name=\"description\" content=\"Pague en l\u00ednea o por tel\u00e9fono o en su tienda local, los planes de pago de Magnum Insurance son flexibles y convenientes. Aceptamos tarjetas de cr\u00e9dito y d\u00e9bito, as\u00ed como pagos en efectivo en la tienda local.\" \/>\n<meta name=\"robots\" content=\"index, follow, max-snippet:-1, max-image-preview:large, max-video-preview:-1\" \/>\n<link rel=\"canonical\" href=\"https:\/\/customer.magnuminsurance.com\/es\/pagos\/\" \/>\n<meta property=\"og:locale\" content=\"es_ES\" \/>\n<meta property=\"og:type\" content=\"article\" \/>\n<meta property=\"og:title\" content=\"Pagos - Magnum Insurance Cabinet\" \/>\n<meta property=\"og:description\" content=\"Pague en l\u00ednea o por tel\u00e9fono o en su tienda local, los planes de pago de Magnum Insurance son flexibles y convenientes. Aceptamos tarjetas de cr\u00e9dito y d\u00e9bito, as\u00ed como pagos en efectivo en la tienda local.\" \/>\n<meta property=\"og:url\" content=\"https:\/\/customer.magnuminsurance.com\/es\/pagos\/\" \/>\n<meta property=\"og:site_name\" content=\"Magnum Insurance Cabinet\" \/>\n<meta property=\"article:publisher\" content=\"https:\/\/www.facebook.com\/MagnumInsuranceAgency\/\" \/>\n<meta property=\"article:modified_time\" content=\"2025-08-14T11:57:09+00:00\" \/>\n<meta property=\"og:image\" content=\"https:\/\/customer.magnuminsurance.com\/wp-content\/uploads\/2025\/07\/payments.jpg\" \/>\n\t<meta property=\"og:image:width\" content=\"1920\" \/>\n\t<meta property=\"og:image:height\" content=\"350\" \/>\n\t<meta property=\"og:image:type\" content=\"image\/jpeg\" \/>\n<meta name=\"twitter:card\" content=\"summary_large_image\" \/>\n<meta name=\"twitter:site\" content=\"@magnumins\" \/>\n<script type=\"application\/ld+json\" class=\"yoast-schema-graph\">{\"@context\":\"https:\/\/schema.org\",\"@graph\":[{\"@type\":\"WebPage\",\"@id\":\"https:\/\/customer.magnuminsurance.com\/es\/pagos\/\",\"url\":\"https:\/\/customer.magnuminsurance.com\/es\/pagos\/\",\"name\":\"Pagos - Magnum Insurance Cabinet\",\"isPartOf\":{\"@id\":\"https:\/\/customer.magnuminsurance.com\/#website\"},\"primaryImageOfPage\":{\"@id\":\"https:\/\/customer.magnuminsurance.com\/es\/pagos\/#primaryimage\"},\"image\":{\"@id\":\"https:\/\/customer.magnuminsurance.com\/es\/pagos\/#primaryimage\"},\"thumbnailUrl\":\"https:\/\/customer.magnuminsurance.com\/wp-content\/uploads\/2025\/07\/payments.jpg\",\"datePublished\":\"2020-04-08T04:01:55+00:00\",\"dateModified\":\"2025-08-14T11:57:09+00:00\",\"description\":\"Pague en l\u00ednea o por tel\u00e9fono o en su tienda local, los planes de pago de Magnum Insurance son flexibles y convenientes. Aceptamos tarjetas de cr\u00e9dito y d\u00e9bito, as\u00ed como pagos en efectivo en la tienda local.\",\"breadcrumb\":{\"@id\":\"https:\/\/customer.magnuminsurance.com\/es\/pagos\/#breadcrumb\"},\"inLanguage\":\"es\",\"potentialAction\":[{\"@type\":\"ReadAction\",\"target\":[\"https:\/\/customer.magnuminsurance.com\/es\/pagos\/\"]}]},{\"@type\":\"ImageObject\",\"inLanguage\":\"es\",\"@id\":\"https:\/\/customer.magnuminsurance.com\/es\/pagos\/#primaryimage\",\"url\":\"https:\/\/customer.magnuminsurance.com\/wp-content\/uploads\/2025\/07\/payments.jpg\",\"contentUrl\":\"https:\/\/customer.magnuminsurance.com\/wp-content\/uploads\/2025\/07\/payments.jpg\",\"width\":1920,\"height\":350},{\"@type\":\"BreadcrumbList\",\"@id\":\"https:\/\/customer.magnuminsurance.com\/es\/pagos\/#breadcrumb\",\"itemListElement\":[{\"@type\":\"ListItem\",\"position\":1,\"name\":\"Portada\",\"item\":\"https:\/\/customer.magnuminsurance.com\/es\/iniciar-sesion\/\"},{\"@type\":\"ListItem\",\"position\":2,\"name\":\"Pagos\"}]},{\"@type\":\"WebSite\",\"@id\":\"https:\/\/customer.magnuminsurance.com\/#website\",\"url\":\"https:\/\/customer.magnuminsurance.com\/\",\"name\":\"Magnum Insurance Cabinet\",\"description\":\"Affordable Car Insurance Chicago Illinois\",\"publisher\":{\"@id\":\"https:\/\/customer.magnuminsurance.com\/#organization\"},\"potentialAction\":[{\"@type\":\"SearchAction\",\"target\":{\"@type\":\"EntryPoint\",\"urlTemplate\":\"https:\/\/customer.magnuminsurance.com\/?s={search_term_string}\"},\"query-input\":{\"@type\":\"PropertyValueSpecification\",\"valueRequired\":true,\"valueName\":\"search_term_string\"}}],\"inLanguage\":\"es\"},{\"@type\":\"Organization\",\"@id\":\"https:\/\/customer.magnuminsurance.com\/#organization\",\"name\":\"Magnum Insurance Agency\",\"url\":\"https:\/\/customer.magnuminsurance.com\/\",\"logo\":{\"@type\":\"ImageObject\",\"inLanguage\":\"es\",\"@id\":\"https:\/\/customer.magnuminsurance.com\/#\/schema\/logo\/image\/\",\"url\":\"https:\/\/magnuminsurance.com\/wp-content\/uploads\/2025\/07\/magnum-logo-eng_268x73.svg\",\"contentUrl\":\"https:\/\/magnuminsurance.com\/wp-content\/uploads\/2025\/07\/magnum-logo-eng_268x73.svg\",\"width\":\"1024\",\"height\":\"1024\",\"caption\":\"Magnum Insurance Agency\"},\"image\":{\"@id\":\"https:\/\/customer.magnuminsurance.com\/#\/schema\/logo\/image\/\"},\"sameAs\":[\"https:\/\/www.facebook.com\/MagnumInsuranceAgency\/\",\"https:\/\/x.com\/magnumins\",\"https:\/\/www.instagram.com\/magnuminsuranceagency\/\",\"https:\/\/www.youtube.com\/user\/SegurosMagnum\"]}]}<\/script>\n<!-- \/ Yoast SEO plugin. -->","yoast_head_json":{"title":"Pagos - Magnum Insurance Cabinet","description":"Pague en l\u00ednea o por tel\u00e9fono o en su tienda local, los planes de pago de Magnum Insurance son flexibles y convenientes. Aceptamos tarjetas de cr\u00e9dito y d\u00e9bito, as\u00ed como pagos en efectivo en la tienda local.","robots":{"index":"index","follow":"follow","max-snippet":"max-snippet:-1","max-image-preview":"max-image-preview:large","max-video-preview":"max-video-preview:-1"},"canonical":"https:\/\/customer.magnuminsurance.com\/es\/pagos\/","og_locale":"es_ES","og_type":"article","og_title":"Pagos - Magnum Insurance Cabinet","og_description":"Pague en l\u00ednea o por tel\u00e9fono o en su tienda local, los planes de pago de Magnum Insurance son flexibles y convenientes. Aceptamos tarjetas de cr\u00e9dito y d\u00e9bito, as\u00ed como pagos en efectivo en la tienda local.","og_url":"https:\/\/customer.magnuminsurance.com\/es\/pagos\/","og_site_name":"Magnum Insurance Cabinet","article_publisher":"https:\/\/www.facebook.com\/MagnumInsuranceAgency\/","article_modified_time":"2025-08-14T11:57:09+00:00","og_image":[{"width":1920,"height":350,"url":"https:\/\/customer.magnuminsurance.com\/wp-content\/uploads\/2025\/07\/payments.jpg","type":"image\/jpeg"}],"twitter_card":"summary_large_image","twitter_site":"@magnumins","schema":{"@context":"https:\/\/schema.org","@graph":[{"@type":"WebPage","@id":"https:\/\/customer.magnuminsurance.com\/es\/pagos\/","url":"https:\/\/customer.magnuminsurance.com\/es\/pagos\/","name":"Pagos - Magnum Insurance Cabinet","isPartOf":{"@id":"https:\/\/customer.magnuminsurance.com\/#website"},"primaryImageOfPage":{"@id":"https:\/\/customer.magnuminsurance.com\/es\/pagos\/#primaryimage"},"image":{"@id":"https:\/\/customer.magnuminsurance.com\/es\/pagos\/#primaryimage"},"thumbnailUrl":"https:\/\/customer.magnuminsurance.com\/wp-content\/uploads\/2025\/07\/payments.jpg","datePublished":"2020-04-08T04:01:55+00:00","dateModified":"2025-08-14T11:57:09+00:00","description":"Pague en l\u00ednea o por tel\u00e9fono o en su tienda local, los planes de pago de Magnum Insurance son flexibles y convenientes. Aceptamos tarjetas de cr\u00e9dito y d\u00e9bito, as\u00ed como pagos en efectivo en la tienda local.","breadcrumb":{"@id":"https:\/\/customer.magnuminsurance.com\/es\/pagos\/#breadcrumb"},"inLanguage":"es","potentialAction":[{"@type":"ReadAction","target":["https:\/\/customer.magnuminsurance.com\/es\/pagos\/"]}]},{"@type":"ImageObject","inLanguage":"es","@id":"https:\/\/customer.magnuminsurance.com\/es\/pagos\/#primaryimage","url":"https:\/\/customer.magnuminsurance.com\/wp-content\/uploads\/2025\/07\/payments.jpg","contentUrl":"https:\/\/customer.magnuminsurance.com\/wp-content\/uploads\/2025\/07\/payments.jpg","width":1920,"height":350},{"@type":"BreadcrumbList","@id":"https:\/\/customer.magnuminsurance.com\/es\/pagos\/#breadcrumb","itemListElement":[{"@type":"ListItem","position":1,"name":"Portada","item":"https:\/\/customer.magnuminsurance.com\/es\/iniciar-sesion\/"},{"@type":"ListItem","position":2,"name":"Pagos"}]},{"@type":"WebSite","@id":"https:\/\/customer.magnuminsurance.com\/#website","url":"https:\/\/customer.magnuminsurance.com\/","name":"Magnum Insurance Cabinet","description":"Affordable Car Insurance Chicago Illinois","publisher":{"@id":"https:\/\/customer.magnuminsurance.com\/#organization"},"potentialAction":[{"@type":"SearchAction","target":{"@type":"EntryPoint","urlTemplate":"https:\/\/customer.magnuminsurance.com\/?s={search_term_string}"},"query-input":{"@type":"PropertyValueSpecification","valueRequired":true,"valueName":"search_term_string"}}],"inLanguage":"es"},{"@type":"Organization","@id":"https:\/\/customer.magnuminsurance.com\/#organization","name":"Magnum Insurance Agency","url":"https:\/\/customer.magnuminsurance.com\/","logo":{"@type":"ImageObject","inLanguage":"es","@id":"https:\/\/customer.magnuminsurance.com\/#\/schema\/logo\/image\/","url":"https:\/\/magnuminsurance.com\/wp-content\/uploads\/2025\/07\/magnum-logo-eng_268x73.svg","contentUrl":"https:\/\/magnuminsurance.com\/wp-content\/uploads\/2025\/07\/magnum-logo-eng_268x73.svg","width":"1024","height":"1024","caption":"Magnum Insurance Agency"},"image":{"@id":"https:\/\/customer.magnuminsurance.com\/#\/schema\/logo\/image\/"},"sameAs":["https:\/\/www.facebook.com\/MagnumInsuranceAgency\/","https:\/\/x.com\/magnumins","https:\/\/www.instagram.com\/magnuminsuranceagency\/","https:\/\/www.youtube.com\/user\/SegurosMagnum"]}]}},"_links":{"self":[{"href":"https:\/\/customer.magnuminsurance.com\/es\/wp-json\/wp\/v2\/pages\/2759","targetHints":{"allow":["GET"]}}],"collection":[{"href":"https:\/\/customer.magnuminsurance.com\/es\/wp-json\/wp\/v2\/pages"}],"about":[{"href":"https:\/\/customer.magnuminsurance.com\/es\/wp-json\/wp\/v2\/types\/page"}],"author":[{"embeddable":true,"href":"https:\/\/customer.magnuminsurance.com\/es\/wp-json\/wp\/v2\/users\/2"}],"replies":[{"embeddable":true,"href":"https:\/\/customer.magnuminsurance.com\/es\/wp-json\/wp\/v2\/comments?post=2759"}],"version-history":[{"count":7,"href":"https:\/\/customer.magnuminsurance.com\/es\/wp-json\/wp\/v2\/pages\/2759\/revisions"}],"predecessor-version":[{"id":24183,"href":"https:\/\/customer.magnuminsurance.com\/es\/wp-json\/wp\/v2\/pages\/2759\/revisions\/24183"}],"wp:featuredmedia":[{"embeddable":true,"href":"https:\/\/customer.magnuminsurance.com\/es\/wp-json\/wp\/v2\/media\/23993"}],"wp:attachment":[{"href":"https:\/\/customer.magnuminsurance.com\/es\/wp-json\/wp\/v2\/media?parent=2759"}],"curies":[{"name":"wp","href":"https:\/\/api.w.org\/{rel}","templated":true}]}}